{"id":213,"date":"2017-07-05T02:51:01","date_gmt":"2017-07-05T02:51:01","guid":{"rendered":"https:\/\/ithemeslab.com\/tfdemo\/wp\/imperial\/?page_id=213"},"modified":"2024-11-22T11:49:28","modified_gmt":"2024-11-22T11:49:28","slug":"contacts","status":"publish","type":"page","link":"https:\/\/test2024.icom.ee\/et\/contacts\/","title":{"rendered":"Kontakt"},"content":{"rendered":"<div class=\"vc_row wpb_row vc_row-fluid padtop80\"><div class=\"content-no-margin wpb_column vc_column_container vc_col-sm-6\"><div class=\"vc_column-inner\"><div class=\"wpb_wrapper\"><div class=\"section-title content-no-margin\"><div class=\"\"><h3 class=\"section-title-text\">V\u00f5ta meiega \u00fchendust<\/h3><p class=\"subtitle\">Esita k\u00fcsimus v\u00f5i k\u00fcsi hinnapakkumist<\/p><\/div><\/div><\/div><\/div><\/div><div class=\"wpb_column vc_column_container vc_col-sm-6\"><div class=\"vc_column-inner\"><div class=\"wpb_wrapper\"><h2 style=\"color: #000000;text-align: left\" class=\"vc_custom_heading\" >Kontaktid:<\/h2>\n\t<div class=\"wpb_text_column wpb_content_element\" >\n\t\t<div class=\"wpb_wrapper\">\n\t\t\t<div class=\"custom\">\n<div class=\"loca\">\n<p>Osa\u00fching ICOM V\u00d5RGUD<br \/>\nPunane 42, Tallinn,<br \/>\nHarju maakond<br \/>\n<a class=\"fa fa-envelope\" href=\"mailto:sales@icom.ee\"> sales@icom.ee<\/a><br \/>\n<a class=\"fa fa-phone\" href=\"tel: 3725015786\"> +3725015786 <\/a><\/p>\n<p>&nbsp;<\/p>\n<\/div>\n<\/div>\n\n\t\t<\/div>\n\t<\/div>\n<\/div><\/div><\/div><\/div><div class=\"vc_row wpb_row vc_row-fluid content-no-margin\"><div class=\"padbottom60 wpb_column vc_column_container vc_col-sm-6\"><div class=\"vc_column-inner\"><div class=\"wpb_wrapper\"><div role=\"form\" class=\"wpcf7\" id=\"wpcf7-f76-o1\" lang=\"en-US\" dir=\"ltr\">\n<div class=\"screen-reader-response\"><p role=\"status\" aria-live=\"polite\" aria-atomic=\"true\"><\/p> <ul><\/ul><\/div>\n<form action=\"\/et\/wp-json\/wp\/v2\/pages\/213#wpcf7-f76-o1\" method=\"post\" class=\"wpcf7-form init\" novalidate=\"novalidate\" data-status=\"init\" data-trp-original-action=\"\/et\/wp-json\/wp\/v2\/pages\/213#wpcf7-f76-o1\">\n<div style=\"display: none;\">\n<input type=\"hidden\" name=\"_wpcf7\" value=\"76\" \/>\n<input type=\"hidden\" name=\"_wpcf7_version\" value=\"5.4.2\" \/>\n<input type=\"hidden\" name=\"_wpcf7_locale\" value=\"en_US\" \/>\n<input type=\"hidden\" name=\"_wpcf7_unit_tag\" value=\"wpcf7-f76-o1\" \/>\n<input type=\"hidden\" name=\"_wpcf7_container_post\" value=\"0\" \/>\n<input type=\"hidden\" name=\"_wpcf7_posted_data_hash\" value=\"\" \/>\n<\/div>\n<div class=\"row mb20\">\n<div class=\"col-sm-6 col-xs-12\">\n\t\t<span class=\"wpcf7-form-control-wrap your-name\"><input type=\"text\" name=\"your-name\" value=\"\" size=\"40\" class=\"wpcf7-form-control wpcf7-text wpcf7-validates-as-required xs-mb-20\" aria-required=\"true\" aria-invalid=\"false\" placeholder=\"Nimi\" \/><\/span>\n\t<\/div>\n<div class=\"col-sm-6 col-xs-12\">\n                <span class=\"wpcf7-form-control-wrap your-secondname\"><input type=\"text\" name=\"your-secondname\" value=\"\" size=\"40\" class=\"wpcf7-form-control wpcf7-text wpcf7-validates-as-required xs-mb-20\" aria-required=\"true\" aria-invalid=\"false\" placeholder=\"Perekonnanimi\" \/><\/span>\n\t<\/div>\n<\/div>\n<div class=\"row mb20\">\n<div class=\"col-sm-6 col-xs-12\">\n                <span class=\"wpcf7-form-control-wrap menu-329\"><select name=\"menu-329\" class=\"wpcf7-form-control wpcf7-select wpcf7-validates-as-required\" aria-required=\"true\" aria-invalid=\"false\"><option value=\"\">Vali kategooria<\/option><option value=\"\u0414\u0438\u0441\u0442\u0440\u0438\u0431\u0443\u0446\u0438\u044f \u043a\u043e\u043c\u043f\u043e\u043d\u0435\u043d\u0442\u043e\u0432 \u0434\u043b\u044f \u0430\u0443\u0434\u0438\u043e\u043f\u0440\u043e\u0438\u0437\u0432\u043e\u0434\u0438\u0442\u0435\u043b\u0435\u0439 \u0438 DIY\">Komponentide m\u00fc\u00fck tootjatele ja DIY-huvilistele<\/option><option value=\"\u0410\u043a\u0443\u0441\u0442\u0438\u0447\u0435\u0441\u043a\u0438\u0435 \u0440\u0435\u0448\u0435\u043d\u0438\u044f\">Akustilised lahendused<\/option><option value=\"\u0410\u0432\u0442\u043e\u043c\u0430\u0442\u0438\u043a\u0430, \u043b\u0438\u0444\u0442\u044b \u0434\u043b\u044f \u043f\u0440\u043e\u0435\u043a\u0442\u043e\u0440\u043e\u0432 \u0438 \u0442\u0435\u043b\u0435\u0432\u0438\u0437\u043e\u0440\u043e\u0432\">Automaatika, projektorite ja telerite t\u00f5stukid<\/option><option value=\"StereoArt\">StereoArt<\/option><option value=\"\u042d\u043a\u0440\u0430\u043d\u044b \u0434\u043b\u044f \u0434\u043e\u043c\u0430\u0448\u043d\u0438\u0445 \u043a\u0438\u043d\u043e\u0437\u0430\u043b\u043e\u0432, \u043a\u043e\u043d\u0444\u0435\u0440\u0435\u043d\u0446-\u0437\u0430\u043b\u043e\u0432 \u0438 \u0430\u0443\u0434\u0438\u0442\u043e\u0440\u0438\u0439\">Ekraanid kodukinodesse, konverentsiruumidesse ja auditooriumidesse<\/option><option value=\"\u042d\u043b\u0435\u043a\u0442\u0440\u043e\u043d\u0438\u043a\u0430 \u0434\u043b\u044f Hi-Fi, High-End \u0438 DIY\">Elektroonika hi-fi, high-end ja DIY jaoks<\/option><option value=\"\u0414\u0440\u0443\u0433\u043e\u0435\">Muu<\/option><\/select><\/span>\n\t<\/div>\n<\/div>\n<div class=\"row mb20\">\n<div class=\"col-sm-6 col-xs-12\">\n                <span class=\"wpcf7-form-control-wrap tel-224\"><input type=\"tel\" name=\"tel-224\" value=\"\" size=\"40\" class=\"wpcf7-form-control wpcf7-text wpcf7-tel wpcf7-validates-as-required wpcf7-validates-as-tel xs-mb-20\" aria-required=\"true\" aria-invalid=\"false\" placeholder=\"Telefon\" \/><\/span>\n\t<\/div>\n<div class=\"col-sm-6 col-xs-12\">\n\t\t<span class=\"wpcf7-form-control-wrap your-email\"><input type=\"email\" name=\"your-email\" value=\"\" size=\"40\" class=\"wpcf7-form-control wpcf7-text wpcf7-email wpcf7-validates-as-required wpcf7-validates-as-email\" aria-required=\"true\" aria-invalid=\"false\" placeholder=\"E-post\" \/><\/span>\n\t<\/div>\n<\/div>\n<div class=\"row mb20\">\n<div class=\"col-xs-12\">\n\t\t<span class=\"wpcf7-form-control-wrap your-message\"><textarea name=\"your-message\" cols=\"40\" rows=\"10\" class=\"wpcf7-form-control wpcf7-textarea wpcf7-validates-as-required\" aria-required=\"true\" aria-invalid=\"false\" placeholder=\"S\u00f5num\"><\/textarea><\/span>\n\t<\/div>\n<\/div>\n<div class=\"row mb20 text-center\">\n<div class=\"col-xs-12\">\n\t\t<input type=\"submit\" value=\"Saada\" class=\"wpcf7-form-control wpcf7-submit btn\" \/>\n\t<\/div>\n<\/div>\n<div class=\"wpcf7-response-output\" aria-hidden=\"true\"><\/div><input type=\"hidden\" name=\"trp-form-language\" value=\"et\"\/><\/form><\/div><\/div><\/div><\/div><div class=\"wpb_column vc_column_container vc_col-sm-6\"><div class=\"vc_column-inner\"><div class=\"wpb_wrapper\"><h2 style=\"color: #000000;text-align: left\" class=\"vc_custom_heading\" >Rekvisiidid:<\/h2>\n\t<div class=\"wpb_text_column wpb_content_element\" >\n\t\t<div class=\"wpb_wrapper\">\n\t\t\t<p><strong>Registrikood<\/strong>: 10453688<br \/>\n<strong>KMKR nr<\/strong>: EE100529931<\/p>\n\n\t\t<\/div>\n\t<\/div>\n<\/div><\/div><\/div><\/div><div class=\"vc_row wpb_row vc_row-fluid\"><div class=\"wpb_column vc_column_container vc_col-sm-12\"><div class=\"vc_column-inner\"><div class=\"wpb_wrapper\"><div class=\"wpb_gmaps_widget wpb_content_element\"><div class=\"wpb_wrapper\"><div class=\"wpb_map_wraper\"><iframe src=\"https:\/\/www.google.com\/maps\/embed?pb=!1m18!1m12!1m3!1d2028.9332817696345!2d24.83533951607652!3d59.43418728169567!2m3!1f0!2f0!3f0!3m2!1i1024!2i768!4f13.1!3m3!1m2!1s0x4692ecbc0d566515%3A0x2657c17b1871eaf8!2sPunane%2042%2C%2013620%20Tallinn!5e0!3m2!1sru!2see!4v1635411360490!5m2!1sru!2see\" width=\"600\" height=\"450\" style=\"border:0;\" allowfullscreen=\"\" loading=\"lazy\"><\/iframe><\/div><\/div><\/div><\/div><\/div><\/div><\/div>","protected":false},"excerpt":{"rendered":"\u0421\u0432\u044f\u0436\u0438\u0442\u0435\u0441\u044c \u0441 \u043d\u0430\u043c\u0438\u0417\u0430\u0434\u0430\u0439\u0442\u0435 \u0438\u043d\u0442\u0435\u0440\u0435\u0441\u0443\u044e\u0449\u0438\u0439 \u0432\u0430\u0441 \u0432\u043e\u043f\u0440\u043e\u0441 \u0438\u043b\u0438 \u0437\u0430\u043f\u0440\u043e\u0441\u0438\u0442\u0435 \u0446\u0435\u043d\u043e\u0432\u043e\u0435 \u043f\u0440\u0435\u0434\u043b\u043e\u0436\u0435\u043d\u0438\u0435\u041a\u043e\u043d\u0442\u0430\u043a\u0442\u044b: Osa\u00fching ICOM V\u00d5RGUD Punane 42, Tallinn, Harju maakond sales@icom.ee +3725015786 &nbsp; \u0412\u044b\u0431\u0440\u0430\u0442\u044c \u043a\u0430\u0442\u0435\u0433\u043e\u0440\u0438\u044e\u0414\u0438\u0441\u0442\u0440\u0438\u0431\u0443\u0446\u0438\u044f \u043a\u043e\u043c\u043f\u043e\u043d\u0435\u043d\u0442\u043e\u0432 \u0434\u043b\u044f \u0430\u0443\u0434\u0438\u043e\u043f\u0440\u043e\u0438\u0437\u0432\u043e\u0434\u0438\u0442\u0435\u043b\u0435\u0439 \u0438 DIY\u0410\u043a\u0443\u0441\u0442\u0438\u0447\u0435\u0441\u043a\u0438\u0435 \u0440\u0435\u0448\u0435\u043d\u0438\u044f\u0410\u0432\u0442\u043e\u043c\u0430\u0442\u0438\u043a\u0430, \u043b\u0438\u0444\u0442\u044b \u0434\u043b\u044f \u043f\u0440\u043e\u0435\u043a\u0442\u043e\u0440\u043e\u0432 \u0438 \u0442\u0435\u043b\u0435\u0432\u0438\u0437\u043e\u0440\u043e\u0432StereoArt\u042d\u043a\u0440\u0430\u043d\u044b \u0434\u043b\u044f \u0434\u043e\u043c\u0430\u0448\u043d\u0438\u0445 \u043a\u0438\u043d\u043e\u0437\u0430\u043b\u043e\u0432, \u043a\u043e\u043d\u0444\u0435\u0440\u0435\u043d\u0446-\u0437\u0430\u043b\u043e\u0432 \u0438 \u0430\u0443\u0434\u0438\u0442\u043e\u0440\u0438\u0439\u042d\u043b\u0435\u043a\u0442\u0440\u043e\u043d\u0438\u043a\u0430 \u0434\u043b\u044f Hi-Fi, High-End \u0438 DIY\u0414\u0440\u0443\u0433\u043e\u0435 \u0420\u0435\u043a\u0432\u0438\u0437\u0438\u0442\u044b: Registrikood: 10453688 KMKR nr: EE100529931","protected":false},"author":1,"featured_media":0,"parent":0,"menu_order":0,"comment_status":"closed","ping_status":"closed","template":"fullwidthpage-template.php","meta":[],"_links":{"self":[{"href":"https:\/\/test2024.icom.ee\/et\/wp-json\/wp\/v2\/pages\/213"}],"collection":[{"href":"https:\/\/test2024.icom.ee\/et\/wp-json\/wp\/v2\/pages"}],"about":[{"href":"https:\/\/test2024.icom.ee\/et\/wp-json\/wp\/v2\/types\/page"}],"author":[{"embeddable":true,"href":"https:\/\/test2024.icom.ee\/et\/wp-json\/wp\/v2\/users\/1"}],"replies":[{"embeddable":true,"href":"https:\/\/test2024.icom.ee\/et\/wp-json\/wp\/v2\/comments?post=213"}],"version-history":[{"count":14,"href":"https:\/\/test2024.icom.ee\/et\/wp-json\/wp\/v2\/pages\/213\/revisions"}],"predecessor-version":[{"id":1768,"href":"https:\/\/test2024.icom.ee\/et\/wp-json\/wp\/v2\/pages\/213\/revisions\/1768"}],"wp:attachment":[{"href":"https:\/\/test2024.icom.ee\/et\/wp-json\/wp\/v2\/media?parent=213"}],"curies":[{"name":"wp","href":"https:\/\/api.w.org\/{rel}","templated":true}]}}