{"id":469,"date":"2021-08-11T12:32:00","date_gmt":"2021-08-11T12:32:00","guid":{"rendered":"https:\/\/test2024.icom.ee\/?page_id=469"},"modified":"2025-01-28T11:19:02","modified_gmt":"2025-01-28T11:19:02","slug":"proekti","status":"publish","type":"page","link":"https:\/\/test2024.icom.ee\/et\/proekti\/","title":{"rendered":"Projektid"},"content":{"rendered":"<div class=\"vc_row wpb_row vc_row-fluid\"><div class=\"wpb_column vc_column_container vc_col-sm-12\"><div class=\"vc_column-inner\"><div class=\"wpb_wrapper\">\n\t\t\t<!-- START brands 1 REVOLUTION SLIDER 6.4.2 --><p class=\"rs-p-wp-fix\"><\/p>\n\t\t\t<rs-module-wrap id=\"rev_slider_18_1_wrapper\" data-source=\"gallery\" style=\"background:transparent;padding:0;margin:0px auto;margin-top:0;margin-bottom:0;\">\n\t\t\t\t<rs-module id=\"rev_slider_18_1\" style=\"\" data-version=\"6.4.2\">\n\t\t\t\t\t<rs-slides>\n\t\t\t\t\t\t<rs-slide data-key=\"rs-20\" data-title=\"Slide\" data-in=\"o:0;\" data-out=\"a:false;\">\n\t\t\t\t\t\t\t<img src=\"\/\/test2024.icom.ee\/wp-content\/uploads\/2024\/12\/ICOM-\u043f\u0440\u043e\u0435\u043a\u0442\u044b.jpg\" title=\"ICOM \u043f\u0440\u043e\u0435\u043a\u0442\u044b\" width=\"2560\" height=\"669\" data-bg=\"p:center top;\" class=\"rev-slidebg\" data-no-retina>\n<!--\n\t\t\t\t\t\t\t--><rs-group\n\t\t\t\t\t\t\t\tid=\"slider-18-slide-20-layer-6\" \n\t\t\t\t\t\t\t\tdata-type=\"group\"\n\t\t\t\t\t\t\t\tdata-rsp_ch=\"on\"\n\t\t\t\t\t\t\t\tdata-xy=\"x:c;xo:0,112px,85px,30px;yo:220px,9px,3px,4px;\"\n\t\t\t\t\t\t\t\tdata-text=\"w:normal;s:20,8,6,4;l:0,10,7,6;\"\n\t\t\t\t\t\t\t\tdata-dim=\"w:928px,696px,669px,412px;h:437,352px,488px,473px;\"\n\t\t\t\t\t\t\t\tdata-frame_0=\"o:1;\"\n\t\t\t\t\t\t\t\tdata-frame_999=\"o:0;st:w;sA:9000;\"\n\t\t\t\t\t\t\t\tstyle=\"z-index:12;\"\n\t\t\t\t\t\t\t><!--\n\t\t\t\t\t\t\t\t--><rs-layer\n\t\t\t\t\t\t\t\t\tid=\"slider-18-slide-20-layer-1\" \n\t\t\t\t\t\t\t\t\tdata-type=\"text\"\n\t\t\t\t\t\t\t\t\tdata-rsp_ch=\"on\"\n\t\t\t\t\t\t\t\t\tdata-xy=\"x:c;xo:0,0,5px,-8px;yo:214px,185px,316px,274px;\"\n\t\t\t\t\t\t\t\t\tdata-text=\"w:normal;s:32,28,24,18;l:31,30,28,20;a:center;\"\n\t\t\t\t\t\t\t\t\tdata-dim=\"w:auto,auto,569px,auto;\"\n\t\t\t\t\t\t\t\t\tdata-frame_999=\"o:0;st:w;\"\n\t\t\t\t\t\t\t\t\tstyle=\"z-index:10;font-family:Open Sans;\"\n\t\t\t\t\t\t\t\t>Individuaalsed lahendused muusikastuudiote ja hi-fi kodukinode jaoks. \n\t\t\t\t\t\t\t\t<\/rs-layer><!--\n\n\t\t\t\t\t\t\t\t--><a\n\t\t\t\t\t\t\t\t\tid=\"slider-18-slide-20-layer-5\" \n\t\t\t\t\t\t\t\t\tclass=\"rs-layer\"\n\t\t\t\t\t\t\t\t\thref=\"https:\/\/test2024.icom.ee\/et\/contacts\/\" target=\"_blank\" rel=\"noopener\"\n\t\t\t\t\t\t\t\t\tdata-type=\"text\"\n\t\t\t\t\t\t\t\t\tdata-rsp_ch=\"on\"\n\t\t\t\t\t\t\t\t\tdata-xy=\"x:l,c,c,c;xo:317,-4px,-5px,0;yo:352,288px,419px,379px;\"\n\t\t\t\t\t\t\t\t\tdata-text=\"s:24,21,21,23;l:25,25,26,31;\"\n\t\t\t\t\t\t\t\t\tdata-padding=\"t:5;r:15;b:5;l:15;\"\n\t\t\t\t\t\t\t\t\tdata-border=\"bos:solid;boc:#de5446;bow:1px,1px,1px,1px;bor:20px,20px,20px,20px;\"\n\t\t\t\t\t\t\t\t\tdata-frame_0=\"x:0,0px,0px,0px;y:0,0px,0px,0px;\"\n\t\t\t\t\t\t\t\t\tdata-frame_1=\"x:0,0px,0px,0px;y:0,0px,0px,0px;\"\n\t\t\t\t\t\t\t\t\tdata-frame_999=\"o:0;st:w;\"\n\t\t\t\t\t\t\t\t\tdata-frame_hover=\"c:#f58231;bgc:transparent;boc:#f58231;bor:20px,20px,20px,20px;bos:solid;bow:1px,1px,1px,1px;\"\n\t\t\t\t\t\t\t\t\tstyle=\"z-index:11;background-color:#f58231;font-family:Open Sans;\"\n\t\t\t\t\t\t\t\t>Saada taotlus \n\t\t\t\t\t\t\t\t<\/a><!--\n\t\t\t\t\t\t\t--><\/rs-group><!--\n\n\t\t\t\t\t\t\t--><rs-layer\n\t\t\t\t\t\t\t\tid=\"slider-18-slide-20-layer-4\" \n\t\t\t\t\t\t\t\tdata-type=\"shape\"\n\t\t\t\t\t\t\t\tdata-rsp_ch=\"on\"\n\t\t\t\t\t\t\t\tdata-xy=\"xo:0,-89px,-67px,-41px;yo:0,-4px,-3px,-1px;\"\n\t\t\t\t\t\t\t\tdata-text=\"w:normal;s:20,8,6,4;l:0,10,7,6;\"\n\t\t\t\t\t\t\t\tdata-dim=\"w:100%,1435px,1090px,672px;h:100%,403px,515px,629px;\"\n\t\t\t\t\t\t\t\tdata-basealign=\"slide\"\n\t\t\t\t\t\t\t\tdata-frame_1=\"x:1px,0px,0px,0px;\"\n\t\t\t\t\t\t\t\tdata-frame_999=\"o:0;st:w;\"\n\t\t\t\t\t\t\t\tstyle=\"z-index:9;background-color:rgba(43,42,41,0.5);\"\n\t\t\t\t\t\t\t> \n\t\t\t\t\t\t\t<\/rs-layer><!--\n-->\t\t\t\t\t\t<\/rs-slide>\n\t\t\t\t\t<\/rs-slides>\n\t\t\t\t<\/rs-module>\n\t\t\t\t<script type=\"text\/javascript\">\n\t\t\t\t\tsetREVStartSize({c: 'rev_slider_18_1',rl:[1240,1024,778,480],el:[668,400,500,500],gw:[2560,1024,778,480],gh:[668,400,500,500],type:'standard',justify:'',layout:'fullwidth',mh:\"0\"});\n\t\t\t\t\tvar\trevapi18,\n\t\t\t\t\t\ttpj;\n\t\t\t\t\tfunction revinit_revslider181() {\n\t\t\t\t\tjQuery(function() {\n\t\t\t\t\t\ttpj = jQuery;\n\t\t\t\t\t\trevapi18 = tpj(\"#rev_slider_18_1\");\n\t\t\t\t\t\tif(revapi18==undefined || revapi18.revolution == undefined){\n\t\t\t\t\t\t\trevslider_showDoubleJqueryError(\"rev_slider_18_1\");\n\t\t\t\t\t\t}else{\n\t\t\t\t\t\t\trevapi18.revolution({\n\t\t\t\t\t\t\t\tsliderLayout:\"fullwidth\",\n\t\t\t\t\t\t\t\tvisibilityLevels:\"1240,1024,778,480\",\n\t\t\t\t\t\t\t\tgridwidth:\"2560,1024,778,480\",\n\t\t\t\t\t\t\t\tgridheight:\"668,400,500,500\",\n\t\t\t\t\t\t\t\tperspective:600,\n\t\t\t\t\t\t\t\tperspectiveType:\"global\",\n\t\t\t\t\t\t\t\teditorheight:\"668,400,500,500\",\n\t\t\t\t\t\t\t\tresponsiveLevels:\"1240,1024,778,480\",\n\t\t\t\t\t\t\t\tprogressBar:{disableProgressBar:true},\n\t\t\t\t\t\t\t\tnavigation: {\n\t\t\t\t\t\t\t\t\tonHoverStop:false\n\t\t\t\t\t\t\t\t},\n\t\t\t\t\t\t\t\tfallbacks: {\n\t\t\t\t\t\t\t\t\tallowHTML5AutoPlayOnAndroid:true\n\t\t\t\t\t\t\t\t},\n\t\t\t\t\t\t\t});\n\t\t\t\t\t\t}\n\t\t\t\t\t\t\n\t\t\t\t\t});\n\t\t\t\t\t} \/\/ End of RevInitScript\n\t\t\t\tvar once_revslider181 = false;\n\t\t\t\tif (document.readyState === \"loading\") {document.addEventListener('readystatechange',function() { if((document.readyState === \"interactive\" || document.readyState === \"complete\") && !once_revslider181 ) { once_revslider181 = true; revinit_revslider181();}});} else {once_revslider181 = true; revinit_revslider181();}\n\t\t\t\t<\/script>\n\t\t\t<\/rs-module-wrap>\n\t\t\t<!-- END REVOLUTION SLIDER -->\n<\/div><\/div><\/div><\/div><div class=\"vc_row wpb_row vc_row-fluid\"><div class=\"wpb_column vc_column_container vc_col-sm-12\"><div class=\"vc_column-inner\"><div class=\"wpb_wrapper\"><div class=\"vc_empty_space\"   style=\"height: 20px\"><span class=\"vc_empty_space_inner\"><\/span><\/div><\/div><\/div><\/div><\/div><div class=\"vc_row wpb_row vc_row-fluid\"><div class=\"wpb_column vc_column_container vc_col-sm-6\"><div class=\"vc_column-inner\"><div class=\"wpb_wrapper\">\n\t<div  class=\"wpb_single_image wpb_content_element vc_align_left\">\n\t\t\n\t\t<figure class=\"wpb_wrapper vc_figure\">\n\t\t\t<div class=\"vc_single_image-wrapper   vc_box_border_grey\"><img width=\"708\" height=\"463\" src=\"https:\/\/test2024.icom.ee\/wp-content\/uploads\/2024\/07\/25_year_pic_1.png\" class=\"vc_single_image-img attachment-full\" alt=\"\" loading=\"lazy\" srcset=\"https:\/\/test2024.icom.ee\/wp-content\/uploads\/2024\/07\/25_year_pic_1.png 708w, https:\/\/test2024.icom.ee\/wp-content\/uploads\/2024\/07\/25_year_pic_1-300x196.png 300w, https:\/\/test2024.icom.ee\/wp-content\/uploads\/2024\/07\/25_year_pic_1-400x262.png 400w, https:\/\/test2024.icom.ee\/wp-content\/uploads\/2024\/07\/25_year_pic_1-600x392.png 600w\" sizes=\"(max-width: 708px) 100vw, 708px\" \/><\/div>\n\t\t<\/figure>\n\t<\/div>\n<\/div><\/div><\/div><div class=\"wpb_column vc_column_container vc_col-sm-6\"><div class=\"vc_column-inner\"><div class=\"wpb_wrapper\">\n\t<div class=\"wpb_text_column wpb_content_element  diy-text-block\" >\n\t\t<div class=\"wpb_wrapper\">\n\t\t\t<p><span class=\"color-title\">ICOM<\/span> pakub t\u00e4ielikku valikut akustilise projekteerimise ja m\u00f5\u00f5tmise teenuseid nii koduste kuulamisruumide kui ka avalike hoonete jaoks, kus on vaja mugavat keskkonda t\u00f6\u00f6tajatele v\u00f5i k\u00fclastajatele. Me ei tarni mitte ainult seadmeid, akustikat, komponente, vaid t\u00f6\u00f6tame v\u00e4lja ka n\u00f6 a la carte projekte - alates lihtsatest crossover-ite uuendustest kuni akustika ja elektroonika erilahendusteni.<\/p>\n<p>Erilist t\u00e4helepanu p\u00f6\u00f6rame projektidele, mille eesm\u00e4rgiks on v\u00f5imalikult hea heli - alates kodusest hi-fi-st kuni stuudiote ja kontserdisaalideni. K\u00f5ik need valdkonnad n\u00f5uavad erilist l\u00e4henemist. Iga ruum on ainulaadne ja n\u00f5uab hoolikat anal\u00fc\u00fcsi, arvutusi akustikasimulaatoritega, mitmekordseid m\u00f5\u00f5tmisi, katsetusi ja kuulamisi. \u00dcheksa korda m\u00f5\u00f5da ja \u00fcks kord l\u00f5ika.<\/p>\n<p>\u00d5igesti valitud elektroonika, akustika ja kaabeldus selleks ettevalmistatud ruumis parandavad l\u00f5pptulemust m\u00e4rkimisv\u00e4\u00e4rselt.<\/p>\n<p>Ainult selline terviklik l\u00e4henemine loob tulemuse, kus muusika ajab Su ihukarvad p\u00fcsti mitte oma vol\u00fc\u00fcmi, vaid emotsiooni t\u00f5ttu.<\/p>\n\n\t\t<\/div>\n\t<\/div>\n<\/div><\/div><\/div><\/div><div class=\"vc_row wpb_row vc_row-fluid\"><div class=\"wpb_column vc_column_container vc_col-sm-12\"><div class=\"vc_column-inner\"><div class=\"wpb_wrapper\"><div class=\"vc_separator wpb_content_element vc_separator_align_center vc_sep_width_100 vc_sep_pos_align_center vc_separator_no_text vc_sep_color_grey\" ><span class=\"vc_sep_holder vc_sep_holder_l\"><span  class=\"vc_sep_line\"><\/span><\/span><span class=\"vc_sep_holder vc_sep_holder_r\"><span  class=\"vc_sep_line\"><\/span><\/span>\n<\/div><\/div><\/div><\/div><\/div><div class=\"vc_row wpb_row vc_row-fluid\"><div class=\"wpb_column vc_column_container vc_col-sm-12\"><div class=\"vc_column-inner\"><div class=\"wpb_wrapper\"><div class=\"section-title\"><div class=\"text-center\"><h2 class=\"section-title-text\">Meie projektid:<\/h2><p class=\"subtitle\"><\/p><\/div><\/div><div class=\"container\"><div class=\"row\"><div class=\"col-xs-12\"><div class=\"project-nav\"><ul><li class=\"active\" data-filter=\"*\">Show All<\/li><li data-filter=\".acoustics\">Acoustics<\/li><li data-filter=\".fidelity-components\">Fidelity Components<\/li><li data-filter=\".high-end-home-cinemas\">High-End Stereo \u0438 Home Cinema<\/li><li data-filter=\".tv-and-projector\">TV and Projector<\/li><\/ul><\/div><\/div><\/div><\/div><div class=\"project-addon\"><div class=\"project-item col-3  acoustics high-end-home-cinemas\"><img src=\"https:\/\/test2024.icom.ee\/wp-content\/uploads\/2025\/01\/projects_spk-full-600x400.jpg\" alt=\"\u0425\u0430\u0440\u0430\u043a\u0442\u0435\u0440\u0438\u0441\u0442\u0438\u043a\u0438 LCR-\u043a\u043e\u043b\u043e\u043d\u043e\u043a \u0441\u0443\u0449\u0435\u0441\u0442\u0432\u0435\u043d\u043d\u043e \u043f\u0440\u0435\u0432\u044b\u0448\u0430\u044e\u0442 \u0441\u0442\u0430\u043d\u0434\u0430\u0440\u0442\u044b THX.\"><div class=\"project-overley\"><div class=\"content\"><h3><a href=\"https:\/\/test2024.icom.ee\/et\/project\/lct-thx\/\">\u0425\u0430\u0440\u0430\u043a\u0442\u0435\u0440\u0438\u0441\u0442\u0438\u043a\u0438 LCR-\u043a\u043e\u043b\u043e\u043d\u043e\u043a \u0441\u0443\u0449\u0435\u0441\u0442\u0432\u0435\u043d\u043d\u043e \u043f\u0440\u0435\u0432\u044b\u0448\u0430\u044e\u0442 \u0441\u0442\u0430\u043d\u0434\u0430\u0440\u0442\u044b THX.<\/a><\/h3><div class=\"project-tags\"><span>Acoustics<\/span><span>High-End Stereo \u0438 Home Cinema<\/span><\/div><\/div><\/div><\/div><div class=\"project-item col-3  acoustics fidelity-components\"><img src=\"https:\/\/test2024.icom.ee\/wp-content\/uploads\/2025\/01\/3-sbacoustics-rinjani-600x450.jpg\" alt=\"\u0417\u0430\u043c\u0435\u043d\u0430 \u043a\u043e\u043c\u043f\u043e\u043d\u0435\u043d\u043e\u0432 \u0432 \u0430\u043a\u0443\u0441\u0442\u0438\u043a\u0435, \u043f\u043e\u0441\u0442\u0440\u043e\u0435\u043d\u043e\u0439 \u043d\u0430 \u043e\u0441\u043d\u043e\u0432\u0435 DIY-\u043a\u0438\u0442\u0430 SB Acoustics Rinjani\"><div class=\"project-overley\"><div class=\"content\"><h3><a href=\"https:\/\/test2024.icom.ee\/et\/project\/sb-acoustics-rinjani-diy-kit\/\">\u0417\u0430\u043c\u0435\u043d\u0430 \u043a\u043e\u043c\u043f\u043e\u043d\u0435\u043d\u043e\u0432 \u0432 \u0430\u043a\u0443\u0441\u0442\u0438\u043a\u0435, \u043f\u043e\u0441\u0442\u0440\u043e\u0435\u043d\u043e\u0439 \u043d\u0430 \u043e\u0441\u043d\u043e\u0432\u0435 DIY-\u043a\u0438\u0442\u0430 SB Acoustics Rinjani<\/a><\/h3><div class=\"project-tags\"><span>Acoustics<\/span><span>Fidelity Components<\/span><\/div><\/div><\/div><\/div><div class=\"project-item col-3  acoustics fidelity-components\"><img src=\"https:\/\/test2024.icom.ee\/wp-content\/uploads\/2024\/11\/5-sbacoustics-rinjani-600x450.jpg\" alt=\"\u0421\u0434\u0435\u043b\u0430\u043d \u043d\u043e\u0432\u044b\u0439 \u043f\u0440\u043e\u0435\u043a\u0442 \u043d\u0430 \u043e\u0441\u043d\u043e\u0432\u0435 SB Acoustics Rinjani \u043d\u0430 \u0434\u0438\u043d\u0430\u043c\u0438\u043a\u0430\u0445 SB Acoustics Satori\"><div class=\"project-overley\"><div class=\"content\"><h3><a href=\"https:\/\/test2024.icom.ee\/et\/project\/sb-acoustics-rinjani-on-sb-acoustics-satori-speakers\/\">\u0421\u0434\u0435\u043b\u0430\u043d \u043d\u043e\u0432\u044b\u0439 \u043f\u0440\u043e\u0435\u043a\u0442 \u043d\u0430 \u043e\u0441\u043d\u043e\u0432\u0435 SB Acoustics Rinjani \u043d\u0430 \u0434\u0438\u043d\u0430\u043c\u0438\u043a\u0430\u0445 SB Acoustics Satori<\/a><\/h3><div class=\"project-tags\"><span>Acoustics<\/span><span>Fidelity Components<\/span><\/div><\/div><\/div><\/div><div class=\"project-item col-3  acoustics high-end-home-cinemas tv-and-projector\"><img src=\"https:\/\/test2024.icom.ee\/wp-content\/uploads\/2024\/11\/\u0420\u0438\u0441\u0443\u043d\u043e\u043a19-600x450.jpg\" alt=\"\u0410\u043a\u0443\u0441\u0442\u0438\u0447\u0435\u0441\u043a\u0438\u0435 \u0438\u0437\u043c\u0435\u0440\u0435\u043d\u0438\u044f \u0438 \u043f\u0440\u043e\u0435\u043a\u0442 \u043a\u0438\u043d\u043e\u0437\u0430\u043b\u0430 \u2013 \u0447\u0430\u0441\u0442\u043d\u044b\u0439 \u0437\u0430\u043a\u0430\u0437\u0447\u0438\u043a.\"><div class=\"project-overley\"><div class=\"content\"><h3><a href=\"https:\/\/test2024.icom.ee\/et\/project\/acoustic-measurements-and-cinema-hall-design\/\">\u0410\u043a\u0443\u0441\u0442\u0438\u0447\u0435\u0441\u043a\u0438\u0435 \u0438\u0437\u043c\u0435\u0440\u0435\u043d\u0438\u044f \u0438 \u043f\u0440\u043e\u0435\u043a\u0442 \u043a\u0438\u043d\u043e\u0437\u0430\u043b\u0430 \u2013 \u0447\u0430\u0441\u0442\u043d\u044b\u0439 \u0437\u0430\u043a\u0430\u0437\u0447\u0438\u043a.<\/a><\/h3><div class=\"project-tags\"><span>Acoustics<\/span><span>High-End Stereo \u0438 Home Cinema<\/span><span>TV and Projector<\/span><\/div><\/div><\/div><\/div><div class=\"project-item col-3  acoustics high-end-home-cinemas tv-and-projector\"><img src=\"https:\/\/test2024.icom.ee\/wp-content\/uploads\/2022\/03\/\u0420\u0438\u0441\u0443\u043d\u043e\u043a5-600x400.jpg\" alt=\"\u041f\u0440\u043e\u0435\u043a\u0442 \u0433\u043e\u0441\u0442\u0438\u043d\u043e\u0439 \u00abhidden treasure\u201c Dolby Vision + Atmos\"><div class=\"project-overley\"><div class=\"content\"><h3><a href=\"https:\/\/test2024.icom.ee\/et\/project\/hidden-treasure\/\">\u041f\u0440\u043e\u0435\u043a\u0442 \u0433\u043e\u0441\u0442\u0438\u043d\u043e\u0439 \u00abhidden treasure\u201c Dolby Vision + Atmos<\/a><\/h3><div class=\"project-tags\"><span>Acoustics<\/span><span>High-End Stereo \u0438 Home Cinema<\/span><span>TV and Projector<\/span><\/div><\/div><\/div><\/div><div class=\"project-item col-3  acoustics fidelity-components\"><img src=\"https:\/\/test2024.icom.ee\/wp-content\/uploads\/2021\/12\/StereoArt-R2R-NOS-DAC-V8-blind-test1-600x400.jpg\" alt=\"\u041a\u0430\u0441\u0442\u043e\u043c\u043d\u044b\u0439 DAC \u043d\u0430 \u043e\u0441\u043d\u043e\u0432\u0435 \u043c\u043e\u0434\u0443\u043b\u0435\u0439 Metrum Acoustics R2R DAC\"><div class=\"project-overley\"><div class=\"content\"><h3><a href=\"https:\/\/test2024.icom.ee\/et\/project\/cusstom-dac\/\">\u041a\u0430\u0441\u0442\u043e\u043c\u043d\u044b\u0439 DAC \u043d\u0430 \u043e\u0441\u043d\u043e\u0432\u0435 \u043c\u043e\u0434\u0443\u043b\u0435\u0439 Metrum Acoustics R2R DAC<\/a><\/h3><div class=\"project-tags\"><span>Acoustics<\/span><span>Fidelity Components<\/span><\/div><\/div><\/div><\/div><div class=\"project-item col-3  high-end-home-cinemas tv-and-projector\"><img src=\"https:\/\/test2024.icom.ee\/wp-content\/uploads\/2021\/08\/tv1-600x450.jpg\" alt=\"\u0421\u0442\u0440\u043e\u0438\u0442\u0435\u043b\u044c\u0441\u0442\u0432\u043e \u043a\u0438\u043d\u043e\u0437\u0430\u043b\u0430 \u0447\u0430\u0441\u0442\u043d\u043e\u043c\u0443 \u043a\u043b\u0438\u0435\u043d\u0442\u0443 Dolby Atmos 11.2 \u043d\u0430 12 \u043c\u0435\u0441\u0442\"><div class=\"project-overley\"><div class=\"content\"><h3><a href=\"https:\/\/test2024.icom.ee\/et\/project\/private-tv\/\">\u0421\u0442\u0440\u043e\u0438\u0442\u0435\u043b\u044c\u0441\u0442\u0432\u043e \u043a\u0438\u043d\u043e\u0437\u0430\u043b\u0430 \u0447\u0430\u0441\u0442\u043d\u043e\u043c\u0443 \u043a\u043b\u0438\u0435\u043d\u0442\u0443 Dolby Atmos 11.2 \u043d\u0430 12 \u043c\u0435\u0441\u0442<\/a><\/h3><div class=\"project-tags\"><span>High-End Stereo \u0438 Home Cinema<\/span><span>TV and Projector<\/span><\/div><\/div><\/div><\/div><div class=\"project-item col-3  acoustics fidelity-components\"><img src=\"https:\/\/test2024.icom.ee\/wp-content\/uploads\/2017\/06\/Rinjani-crossover-advanced-1200pix-600x362.jpg\" alt=\"\u0410\u043f\u0433\u0440\u0435\u0439\u0434 \u0441\u0442\u0430\u043d\u0434\u0430\u0440\u0442\u043d\u043e\u0433\u043e \u043a\u0440\u043e\u0441\u0441\u043e\u0432\u0435\u0440\u0430 \u0434\u043b\u044f SB Acoustics Rinjani \u2013 \u0443\u043b\u0443\u0447\u0448\u0435\u043d\u043d\u044b\u0435 \u043a\u043e\u043c\u043f\u043e\u043d\u0435\u0442\u044b \u043e\u0442 Mundorf\"><div class=\"project-overley\"><div class=\"content\"><h3><a href=\"https:\/\/test2024.icom.ee\/et\/project\/sb-acoustics-rinjani\/\">\u0410\u043f\u0433\u0440\u0435\u0439\u0434 \u0441\u0442\u0430\u043d\u0434\u0430\u0440\u0442\u043d\u043e\u0433\u043e \u043a\u0440\u043e\u0441\u0441\u043e\u0432\u0435\u0440\u0430 \u0434\u043b\u044f SB Acoustics Rinjani \u2013 \u0443\u043b\u0443\u0447\u0448\u0435\u043d\u043d\u044b\u0435 \u043a\u043e\u043c\u043f\u043e\u043d\u0435\u0442\u044b \u043e\u0442 Mundorf<\/a><\/h3><div class=\"project-tags\"><span>Acoustics<\/span><span>Fidelity Components<\/span><\/div><\/div><\/div><\/div><\/div><\/div><\/div><\/div><\/div><div class=\"vc_row wpb_row vc_row-fluid\"><div class=\"wpb_column vc_column_container vc_col-sm-12\"><div class=\"vc_column-inner\"><div class=\"wpb_wrapper\"><div class=\"vc_empty_space\"   style=\"height: 32px\"><span class=\"vc_empty_space_inner\"><\/span><\/div><\/div><\/div><\/div><\/div><section data-vc-full-width=\"true\" data-vc-full-width-init=\"false\" class=\"vc_section vc_custom_1649247607848 vc_section-has-fill\"><div class=\"vc_row wpb_row vc_row-fluid vc_custom_1723047791713\"><div class=\"wpb_column vc_column_container vc_col-sm-1\"><div class=\"vc_column-inner\"><div class=\"wpb_wrapper\"><\/div><\/div><\/div><div class=\"wpb_column vc_column_container vc_col-sm-5\"><div class=\"vc_column-inner\"><div class=\"wpb_wrapper\">\n\t<div  class=\"wpb_single_image wpb_content_element vc_align_left  vc_custom_1733388782240  lift-img\">\n\t\t\n\t\t<figure class=\"wpb_wrapper vc_figure\">\n\t\t\t<div class=\"vc_single_image-wrapper   vc_box_border_grey\"><img width=\"1280\" height=\"800\" src=\"https:\/\/test2024.icom.ee\/wp-content\/uploads\/2024\/12\/prestige-audio-essex-smart-home-2.jpg\" class=\"vc_single_image-img attachment-full\" alt=\"\" loading=\"lazy\" srcset=\"https:\/\/test2024.icom.ee\/wp-content\/uploads\/2024\/12\/prestige-audio-essex-smart-home-2.jpg 1280w, https:\/\/test2024.icom.ee\/wp-content\/uploads\/2024\/12\/prestige-audio-essex-smart-home-2-300x188.jpg 300w, https:\/\/test2024.icom.ee\/wp-content\/uploads\/2024\/12\/prestige-audio-essex-smart-home-2-1024x640.jpg 1024w, https:\/\/test2024.icom.ee\/wp-content\/uploads\/2024\/12\/prestige-audio-essex-smart-home-2-768x480.jpg 768w, https:\/\/test2024.icom.ee\/wp-content\/uploads\/2024\/12\/prestige-audio-essex-smart-home-2-18x12.jpg 18w, https:\/\/test2024.icom.ee\/wp-content\/uploads\/2024\/12\/prestige-audio-essex-smart-home-2-800x500.jpg 800w, https:\/\/test2024.icom.ee\/wp-content\/uploads\/2024\/12\/prestige-audio-essex-smart-home-2-1200x750.jpg 1200w, https:\/\/test2024.icom.ee\/wp-content\/uploads\/2024\/12\/prestige-audio-essex-smart-home-2-400x250.jpg 400w, https:\/\/test2024.icom.ee\/wp-content\/uploads\/2024\/12\/prestige-audio-essex-smart-home-2-600x375.jpg 600w\" sizes=\"(max-width: 1280px) 100vw, 1280px\" \/><\/div>\n\t\t<\/figure>\n\t<\/div>\n<\/div><\/div><\/div><div class=\"wpb_column vc_column_container vc_col-sm-6\"><div class=\"vc_column-inner\"><div class=\"wpb_wrapper\">\n\t<div class=\"wpb_text_column wpb_content_element\" >\n\t\t<div class=\"wpb_wrapper\">\n\t\t\t<p>Meil on lahendused k\u00f5ige n\u00f5udlikumatele kuulajatele ja k\u00f5ige erinevamatesse keskkondadesse, olgu nendeks siis auditooriumid, kontserdisaalid, helistuudiod, videostuudiod, raadio- ja telejaamad, kinod, spordisaalid, t\u00f6\u00f6stushallid, ujulaid, avalikud kohad, \u00e4riruumid, kontorid jne, aga ka Sinu kodune kuulamisruum.<\/p>\n<p><span class=\"text-lift\">Konsulteerimiseks v\u00f5ta meiega kindlasti \u00fchendust<br \/>\nhelista tel: <a href=\"tel: 3725015786\">+372 5 015786\u00a0<\/a><br \/>\nsaada p\u00e4ring aadressil <a href=\"mailto:sales@icom.ee\">sales@icom.ee<\/a><br \/>\nv\u00f5i kasuta meie tagasisidet<br \/>\nTAGASISIDE VORM<br \/>\n<\/span><\/p>\n\n\t\t<\/div>\n\t<\/div>\n<\/div><\/div><\/div><\/div><div class=\"vc_row wpb_row vc_row-fluid\"><div class=\"wpb_column vc_column_container vc_col-sm-12\"><div class=\"vc_column-inner\"><div class=\"wpb_wrapper\"><div role=\"form\" class=\"wpcf7\" id=\"wpcf7-f42-o1\" lang=\"en-US\" dir=\"ltr\">\n<div class=\"screen-reader-response\"><p role=\"status\" aria-live=\"polite\" aria-atomic=\"true\"><\/p> <ul><\/ul><\/div>\n<form action=\"\/et\/wp-json\/wp\/v2\/pages\/469#wpcf7-f42-o1\" method=\"post\" class=\"wpcf7-form init\" novalidate=\"novalidate\" data-status=\"init\" data-trp-original-action=\"\/et\/wp-json\/wp\/v2\/pages\/469#wpcf7-f42-o1\">\n<div style=\"display: none;\">\n<input type=\"hidden\" name=\"_wpcf7\" value=\"42\" \/>\n<input type=\"hidden\" name=\"_wpcf7_version\" value=\"5.4.2\" \/>\n<input type=\"hidden\" name=\"_wpcf7_locale\" value=\"en_US\" \/>\n<input type=\"hidden\" name=\"_wpcf7_unit_tag\" value=\"wpcf7-f42-o1\" \/>\n<input type=\"hidden\" name=\"_wpcf7_container_post\" value=\"0\" \/>\n<input type=\"hidden\" name=\"_wpcf7_posted_data_hash\" value=\"\" \/>\n<\/div>\n<div class=\"row mb20\">\n<div class=\"col-sm-4 col-xs-12\">\n\t\t<label>Nimi <span>*<\/span><\/label><br \/>\n\t\t<span class=\"wpcf7-form-control-wrap your-name\"><input type=\"text\" name=\"your-name\" value=\"\" size=\"40\" class=\"wpcf7-form-control wpcf7-text wpcf7-validates-as-required\" aria-required=\"true\" aria-invalid=\"false\" \/><\/span>\n\t<\/div>\n<div class=\"col-sm-4 col-xs-12\">\n\t\t<label>E-post <span>*<\/span><\/label><br \/>\n\t\t<span class=\"wpcf7-form-control-wrap your-email\"><input type=\"email\" name=\"your-email\" value=\"\" size=\"40\" class=\"wpcf7-form-control wpcf7-text wpcf7-email wpcf7-validates-as-required wpcf7-validates-as-email\" aria-required=\"true\" aria-invalid=\"false\" \/><\/span>\n\t<\/div>\n<div class=\"col-sm-4 col-xs-12\">\n\t\t<label>Teema<\/label><br \/>\n\t\t<span class=\"wpcf7-form-control-wrap your-subject\"><input type=\"text\" name=\"your-subject\" value=\"\" size=\"40\" class=\"wpcf7-form-control wpcf7-text\" aria-invalid=\"false\" \/><\/span>\n\t<\/div>\n<\/div>\n<div class=\"row mb20\">\n<div class=\"col-xs-12\">\n\t\t<label>Vali teenus (valikuline)<\/label><br \/>\n\t\t<span class=\"wpcf7-form-control-wrap menu-601\"><select name=\"menu-601\" class=\"wpcf7-form-control wpcf7-select\" aria-invalid=\"false\"><option value=\"\">---<\/option><option value=\"\u0414\u0438\u0441\u0442\u0440\u0438\u0431\u0443\u0446\u0438\u044f \u043a\u043e\u043c\u043f\u043e\u043d\u0435\u043d\u0442\u043e\u0432 \u0434\u043b\u044f \u0430\u0443\u0434\u0438\u043e\u043f\u0440\u043e\u0438\u0437\u0432\u043e\u0434\u0438\u0442\u0435\u043b\u0435\u0439 \u0438 DIY\">Komponentide m\u00fc\u00fck tootjatele ja DIY-huvilistele<\/option><option value=\"\u0410\u043a\u0443\u0441\u0442\u0438\u0447\u0435\u0441\u043a\u0438\u0435 \u0440\u0435\u0448\u0435\u043d\u0438\u044f\">Akustilised lahendused<\/option><option value=\"\u0410\u0432\u0442\u043e\u043c\u0430\u0442\u0438\u043a\u0430, \u043b\u0438\u0444\u0442\u044b \u0434\u043b\u044f \u043f\u0440\u043e\u0435\u043a\u0442\u043e\u0440\u043e\u0432 \u0438 \u0442\u0435\u043b\u0435\u0432\u0438\u0437\u043e\u0440\u043e\u0432\">Automaatika, projektorite ja telerite t\u00f5stukid<\/option><option value=\"\u042d\u043b\u0435\u043a\u0442\u0440\u043e\u043d\u0438\u043a\u0430 \u0434\u043b\u044f Hi-Fi, High-End \u0438 DIY\">Elektroonika hi-fi, high-end ja DIY jaoks<\/option><option value=\"\u042d\u043a\u0440\u0430\u043d\u044b \u0434\u043b\u044f \u0434\u043e\u043c\u0430\u0448\u043d\u0438\u0445 \u043a\u0438\u043d\u043e\u0437\u0430\u043b\u043e\u0432, \u043a\u043e\u043d\u0444\u0435\u0440\u0435\u043d\u0446-\u0437\u0430\u043b\u043e\u0432 \u0438 \u0430\u0443\u0434\u0438\u0442\u043e\u0440\u0438\u0439\">Ekraanid kodukinodesse, konverentsiruumidesse ja auditooriumidesse<\/option><option value=\"StereoArt\">StereoArt<\/option><option value=\"\u041f\u0440\u043e\u0435\u043a\u0442\u0438\u0440\u043e\u0432\u0430\u043d\u0438\u0435 \u0434\u043e\u043c\u0430\u0448\u043d\u0438\u0445 \u043a\u0438\u043d\u043e\u0442\u0435\u0430\u0442\u0440\u043e\u0432 \u0443\u0440\u043e\u0432\u043d\u044f \u0425\u0430\u0439-\u044d\u043d\u0434\">High-end kodukinode projekteerimine<\/option><\/select><\/span>\n\t<\/div>\n<\/div>\n<div class=\"row mb20\">\n<div class=\"col-xs-12\">\n\t\t<label>S\u00f5num <\/label><br \/>\n\t\t<span class=\"wpcf7-form-control-wrap your-message\"><textarea name=\"your-message\" cols=\"40\" rows=\"10\" class=\"wpcf7-form-control wpcf7-textarea\" aria-invalid=\"false\"><\/textarea><\/span>\n\t<\/div>\n<\/div>\n<div class=\"row mb20\">\n<div class=\"col-xs-12\">\n\t\t<input type=\"submit\" value=\"Saada\" class=\"wpcf7-form-control wpcf7-submit btn\" \/>\n\t<\/div>\n<\/div>\n<div class=\"wpcf7-response-output\" aria-hidden=\"true\"><\/div><input type=\"hidden\" name=\"trp-form-language\" value=\"et\"\/><\/form><\/div><\/div><\/div><\/div><\/div><\/section><div class=\"vc_row-full-width vc_clearfix\"><\/div>","protected":false},"excerpt":{"rendered":"","protected":false},"author":2,"featured_media":0,"parent":0,"menu_order":0,"comment_status":"closed","ping_status":"closed","template":"fullwidthpage-template.php","meta":[],"_links":{"self":[{"href":"https:\/\/test2024.icom.ee\/et\/wp-json\/wp\/v2\/pages\/469"}],"collection":[{"href":"https:\/\/test2024.icom.ee\/et\/wp-json\/wp\/v2\/pages"}],"about":[{"href":"https:\/\/test2024.icom.ee\/et\/wp-json\/wp\/v2\/types\/page"}],"author":[{"embeddable":true,"href":"https:\/\/test2024.icom.ee\/et\/wp-json\/wp\/v2\/users\/2"}],"replies":[{"embeddable":true,"href":"https:\/\/test2024.icom.ee\/et\/wp-json\/wp\/v2\/comments?post=469"}],"version-history":[{"count":21,"href":"https:\/\/test2024.icom.ee\/et\/wp-json\/wp\/v2\/pages\/469\/revisions"}],"predecessor-version":[{"id":2046,"href":"https:\/\/test2024.icom.ee\/et\/wp-json\/wp\/v2\/pages\/469\/revisions\/2046"}],"wp:attachment":[{"href":"https:\/\/test2024.icom.ee\/et\/wp-json\/wp\/v2\/media?parent=469"}],"curies":[{"name":"wp","href":"https:\/\/api.w.org\/{rel}","templated":true}]}}