{"id":494,"date":"2021-08-16T09:11:21","date_gmt":"2021-08-16T09:11:21","guid":{"rendered":"https:\/\/test2024.icom.ee\/?page_id=494"},"modified":"2025-04-11T16:28:12","modified_gmt":"2025-04-11T16:28:12","slug":"tv-and-projector-lifts","status":"publish","type":"page","link":"https:\/\/test2024.icom.ee\/et\/tv-and-projector-lifts\/","title":{"rendered":"Automaatika, projektorite ja telerite t\u00f5stukid"},"content":{"rendered":"<div data-vc-full-width=\"true\" data-vc-full-width-init=\"false\" class=\"vc_row wpb_row vc_row-fluid\"><div class=\"wpb_column vc_column_container vc_col-sm-12\"><div class=\"vc_column-inner\"><div class=\"wpb_wrapper\">\n\t\t\t<!-- START lift REVOLUTION SLIDER 6.4.2 --><p class=\"rs-p-wp-fix\"><\/p>\n\t\t\t<rs-module-wrap id=\"rev_slider_13_1_wrapper\" data-source=\"gallery\" style=\"background:transparent;padding:0;margin:0px auto;margin-top:0;margin-bottom:0;\">\n\t\t\t\t<rs-module id=\"rev_slider_13_1\" style=\"\" data-version=\"6.4.2\">\n\t\t\t\t\t<rs-slides>\n\t\t\t\t\t\t<rs-slide data-key=\"rs-15\" data-title=\"Slide\" data-in=\"o:0;\" data-out=\"a:false;\">\n\t\t\t\t\t\t\t<img src=\"\/\/test2024.icom.ee\/wp-content\/uploads\/2022\/04\/Main_lift_avtomatika_img1.jpg\" title=\"Main_lift_avtomatika_img(1)\" width=\"2560\" height=\"668\" class=\"rev-slidebg\" data-no-retina>\n<!--\n\t\t\t\t\t\t\t--><rs-group\n\t\t\t\t\t\t\t\tid=\"slider-13-slide-15-layer-6\" \n\t\t\t\t\t\t\t\tdata-type=\"group\"\n\t\t\t\t\t\t\t\tdata-rsp_ch=\"on\"\n\t\t\t\t\t\t\t\tdata-xy=\"x:c;yo:17px,6px,14px,8px;\"\n\t\t\t\t\t\t\t\tdata-text=\"w:normal;s:20,8,6,4;l:0,10,7,6;\"\n\t\t\t\t\t\t\t\tdata-dim=\"w:1035,817px,704px,435px;h:621,370,463px,477px;\"\n\t\t\t\t\t\t\t\tdata-frame_0=\"o:1;\"\n\t\t\t\t\t\t\t\tdata-frame_999=\"o:0;st:w;sA:9000;\"\n\t\t\t\t\t\t\t\tstyle=\"z-index:12;\"\n\t\t\t\t\t\t\t><!--\n\t\t\t\t\t\t\t\t--><rs-layer\n\t\t\t\t\t\t\t\t\tid=\"slider-13-slide-15-layer-1\" \n\t\t\t\t\t\t\t\t\tdata-type=\"text\"\n\t\t\t\t\t\t\t\t\tdata-rsp_ch=\"on\"\n\t\t\t\t\t\t\t\t\tdata-xy=\"x:c;yo:85,36px,50px,51px;\"\n\t\t\t\t\t\t\t\t\tdata-text=\"w:normal;s:54,40,38,28;l:56,42,39,29;fw:700;a:left,left,left,center;\"\n\t\t\t\t\t\t\t\t\tdata-dim=\"w:982px,auto,auto,408px;h:76px,auto,auto,auto;\"\n\t\t\t\t\t\t\t\t\tdata-padding=\"t:10,0,0,0;r:20,0,0,0;b:10,0,0,0;l:20,0,0,0;\"\n\t\t\t\t\t\t\t\t\tdata-frame_999=\"o:0;st:w;\"\n\t\t\t\t\t\t\t\t\tstyle=\"z-index:10;font-family:Open Sans;\"\n\t\t\t\t\t\t\t\t>T\u00f5stukid, automaatika, projektorid \n\t\t\t\t\t\t\t\t<\/rs-layer><!--\n\n\t\t\t\t\t\t\t\t--><rs-layer\n\t\t\t\t\t\t\t\t\tid=\"slider-13-slide-15-layer-2\" \n\t\t\t\t\t\t\t\t\tdata-type=\"text\"\n\t\t\t\t\t\t\t\t\tdata-rsp_ch=\"on\"\n\t\t\t\t\t\t\t\t\tdata-xy=\"x:c;yo:420,217px,288px,308px;\"\n\t\t\t\t\t\t\t\t\tdata-text=\"w:normal;s:31,20,23,21;l:32,24,28,28;fw:600;a:center;\"\n\t\t\t\t\t\t\t\t\tdata-dim=\"w:auto,auto,auto,422px;\"\n\t\t\t\t\t\t\t\t\tdata-frame_999=\"o:0;st:w;\"\n\t\t\t\t\t\t\t\t\tstyle=\"z-index:11;font-family:Open Sans;\"\n\t\t\t\t\t\t\t\t>Automatiseeritud nutikodulahendused,  <br \/>\nkontorid, \u00e4riruumid \n\t\t\t\t\t\t\t\t<\/rs-layer><!--\n\n\t\t\t\t\t\t\t\t--><a\n\t\t\t\t\t\t\t\t\tid=\"slider-13-slide-15-layer-5\" \n\t\t\t\t\t\t\t\t\tclass=\"rs-layer\"\n\t\t\t\t\t\t\t\t\thref=\"https:\/\/test2024.icom.ee\/et\/contacts\/\" target=\"_blank\" rel=\"noopener\"\n\t\t\t\t\t\t\t\t\tdata-type=\"text\"\n\t\t\t\t\t\t\t\t\tdata-rsp_ch=\"on\"\n\t\t\t\t\t\t\t\t\tdata-xy=\"x:c;yo:328px,149px,175px,194px;\"\n\t\t\t\t\t\t\t\t\tdata-text=\"s:30,25,23,19;l:31,30,28,26;\"\n\t\t\t\t\t\t\t\t\tdata-padding=\"t:6,4,5,5;r:19,13,15,15;b:6,4,5,5;l:19,13,15,15;\"\n\t\t\t\t\t\t\t\t\tdata-border=\"bos:solid;bow:1px,1px,1px,1px;bor:20px,20px,20px,20px;\"\n\t\t\t\t\t\t\t\t\tdata-frame_999=\"o:0;st:w;\"\n\t\t\t\t\t\t\t\t\tdata-frame_hover=\"c:#f58231;bgc:transparent;boc:#f58231;bor:20px,20px,20px,20px;bos:solid;bow:1px,1px,1px,1px;\"\n\t\t\t\t\t\t\t\t\tstyle=\"z-index:9;background-color:#f58231;font-family:Open Sans;\"\n\t\t\t\t\t\t\t\t>V\u00f5ta meiega \u00fchendust \n\t\t\t\t\t\t\t\t<\/a><!--\n\t\t\t\t\t\t\t--><\/rs-group><!--\n-->\t\t\t\t\t\t<\/rs-slide>\n\t\t\t\t\t<\/rs-slides>\n\t\t\t\t<\/rs-module>\n\t\t\t\t<script type=\"text\/javascript\">\n\t\t\t\t\tsetREVStartSize({c: 'rev_slider_13_1',rl:[1240,1024,778,480],el:[668,400,500,500],gw:[2560,1024,778,480],gh:[668,400,500,500],type:'standard',justify:'',layout:'fullwidth',mh:\"0\"});\n\t\t\t\t\tvar\trevapi13,\n\t\t\t\t\t\ttpj;\n\t\t\t\t\tfunction revinit_revslider131() {\n\t\t\t\t\tjQuery(function() {\n\t\t\t\t\t\ttpj = jQuery;\n\t\t\t\t\t\trevapi13 = tpj(\"#rev_slider_13_1\");\n\t\t\t\t\t\tif(revapi13==undefined || revapi13.revolution == undefined){\n\t\t\t\t\t\t\trevslider_showDoubleJqueryError(\"rev_slider_13_1\");\n\t\t\t\t\t\t}else{\n\t\t\t\t\t\t\trevapi13.revolution({\n\t\t\t\t\t\t\t\tsliderLayout:\"fullwidth\",\n\t\t\t\t\t\t\t\tvisibilityLevels:\"1240,1024,778,480\",\n\t\t\t\t\t\t\t\tgridwidth:\"2560,1024,778,480\",\n\t\t\t\t\t\t\t\tgridheight:\"668,400,500,500\",\n\t\t\t\t\t\t\t\tperspective:600,\n\t\t\t\t\t\t\t\tperspectiveType:\"global\",\n\t\t\t\t\t\t\t\teditorheight:\"668,400,500,500\",\n\t\t\t\t\t\t\t\tresponsiveLevels:\"1240,1024,778,480\",\n\t\t\t\t\t\t\t\tprogressBar:{disableProgressBar:true},\n\t\t\t\t\t\t\t\tnavigation: {\n\t\t\t\t\t\t\t\t\tonHoverStop:false\n\t\t\t\t\t\t\t\t},\n\t\t\t\t\t\t\t\tfallbacks: {\n\t\t\t\t\t\t\t\t\tallowHTML5AutoPlayOnAndroid:true\n\t\t\t\t\t\t\t\t},\n\t\t\t\t\t\t\t});\n\t\t\t\t\t\t}\n\t\t\t\t\t\t\n\t\t\t\t\t});\n\t\t\t\t\t} \/\/ End of RevInitScript\n\t\t\t\tvar once_revslider131 = false;\n\t\t\t\tif (document.readyState === \"loading\") {document.addEventListener('readystatechange',function() { if((document.readyState === \"interactive\" || document.readyState === \"complete\") && !once_revslider131 ) { once_revslider131 = true; revinit_revslider131();}});} else {once_revslider131 = true; revinit_revslider131();}\n\t\t\t\t<\/script>\n\t\t\t<\/rs-module-wrap>\n\t\t\t<!-- END REVOLUTION SLIDER -->\n<\/div><\/div><\/div><\/div><div class=\"vc_row-full-width vc_clearfix\"><\/div><section data-vc-full-width=\"true\" data-vc-full-width-init=\"false\" class=\"vc_section vc_custom_1723043616458 vc_section-has-fill\"><div class=\"vc_row wpb_row vc_row-fluid\"><div class=\"wpb_column vc_column_container vc_col-sm-6\"><div class=\"vc_column-inner\"><div class=\"wpb_wrapper\">\n\t<div  class=\"wpb_single_image wpb_content_element vc_align_center\">\n\t\t\n\t\t<figure class=\"wpb_wrapper vc_figure\">\n\t\t\t<div class=\"vc_single_image-wrapper   vc_box_border_grey\"><img width=\"300\" height=\"135\" src=\"https:\/\/test2024.icom.ee\/wp-content\/uploads\/2022\/04\/FA_Logo_transp-300x135.png\" class=\"vc_single_image-img attachment-medium\" alt=\"\" loading=\"lazy\" srcset=\"https:\/\/test2024.icom.ee\/wp-content\/uploads\/2022\/04\/FA_Logo_transp-300x135.png 300w, https:\/\/test2024.icom.ee\/wp-content\/uploads\/2022\/04\/FA_Logo_transp-400x179.png 400w, https:\/\/test2024.icom.ee\/wp-content\/uploads\/2022\/04\/FA_Logo_transp.png 439w\" sizes=\"(max-width: 300px) 100vw, 300px\" \/><\/div>\n\t\t<\/figure>\n\t<\/div>\n<\/div><\/div><\/div><div class=\"wpb_column vc_column_container vc_col-sm-6\"><div class=\"vc_column-inner\"><div class=\"wpb_wrapper\">\n\t<div class=\"wpb_text_column wpb_content_element  diy-text-block, lift-text\" >\n\t\t<div class=\"wpb_wrapper\">\n\t\t\t<p>Meie poolt pakutavaid seadmeid kasutatakse maailma k\u00f5ige luksuslikumates eluruumides, olgu selleks siis kaasaegne penthouse v\u00f5i ajalooline loss. Meie mehhanismid sulanduvad Sinu kodusesse sisekujundusse, tegemata kompromisse funktsionaalsuse osas. Pakume t\u00f5stemehhanisme ja mootoriga kinnitusi teleritele ja projektoritele, samuti interj\u00f6\u00f6ri integreeritavaid mehhanisme piltide ja seinapaneelide liigutamiseks. Future Automation on juhtiv heli- ja videoseadmete varjamiseks m\u00f5eldud mehhanismide tootja.<\/p>\n\n\t\t<\/div>\n\t<\/div>\n<\/div><\/div><\/div><\/div><\/section><div class=\"vc_row-full-width vc_clearfix\"><\/div><div class=\"vc_row wpb_row vc_row-fluid\"><div class=\"wpb_column vc_column_container vc_col-sm-12\"><div class=\"vc_column-inner\"><div class=\"wpb_wrapper\"><div class=\"vc_empty_space\"   style=\"height: 50px\"><span class=\"vc_empty_space_inner\"><\/span><\/div><\/div><\/div><\/div><\/div><section class=\"vc_section\"><div class=\"vc_row wpb_row vc_row-fluid\"><div class=\"wpb_column vc_column_container vc_col-sm-12\"><div class=\"vc_column-inner\"><div class=\"wpb_wrapper\"><h2 style=\"font-size: 44px;color: #000000;text-align: left\" class=\"vc_custom_heading services-title, sub-title-block, lift-title\" >N\u00c4IDISED<\/h2><\/div><\/div><\/div><\/div><div class=\"vc_row wpb_row vc_row-fluid\"><div class=\"wpb_column vc_column_container vc_col-sm-12\"><div class=\"vc_column-inner\"><div class=\"wpb_wrapper\">\n\t<div class=\"wpb_text_column wpb_content_element  sub-title-block\" >\n\t\t<div class=\"wpb_wrapper\">\n\t\t\t<p><strong>ICOM V\u00f5rgud O\u00dc &#8212; FUTURE AUTOMATION dealer in ESTONIA<\/strong><\/p>\n\n\t\t<\/div>\n\t<\/div>\n<\/div><\/div><\/div><\/div><\/section><div class=\"vc_row wpb_row vc_row-fluid\"><div class=\"wpb_column vc_column_container vc_col-sm-4\"><div class=\"vc_column-inner\"><div class=\"wpb_wrapper\">\n\t<div  class=\"wpb_single_image wpb_content_element vc_align_left\">\n\t\t\n\t\t<figure class=\"wpb_wrapper vc_figure\">\n\t\t\t<a class=\"\" data-lightbox=\"lightbox[rel-494-3021078947]\" href=\"https:\/\/test2024.icom.ee\/wp-content\/uploads\/2022\/04\/FA_1.jpg\" target=\"_self\"><img width=\"375\" height=\"250\" src=\"https:\/\/test2024.icom.ee\/wp-content\/uploads\/2022\/04\/FA_1.jpg\" class=\"vc_single_image-img attachment-full\" alt=\"\" loading=\"lazy\" srcset=\"https:\/\/test2024.icom.ee\/wp-content\/uploads\/2022\/04\/FA_1.jpg 375w, https:\/\/test2024.icom.ee\/wp-content\/uploads\/2022\/04\/FA_1-300x200.jpg 300w\" sizes=\"(max-width: 375px) 100vw, 375px\" \/><\/a>\n\t\t<\/figure>\n\t<\/div>\n\n\t<div class=\"wpb_text_column wpb_content_element\" >\n\t\t<div class=\"wpb_wrapper\">\n\t\t\t<p><span class=\"text-gray\"><strong>PLF In Floor TV Lift'i rakendus<\/strong><br \/>\nFuture Automation'i projektis<\/span><\/p>\n\n\t\t<\/div>\n\t<\/div>\n<\/div><\/div><\/div><div class=\"wpb_column vc_column_container vc_col-sm-4\"><div class=\"vc_column-inner\"><div class=\"wpb_wrapper\">\n\t<div  class=\"wpb_single_image wpb_content_element vc_align_left\">\n\t\t\n\t\t<figure class=\"wpb_wrapper vc_figure\">\n\t\t\t<a class=\"\" data-lightbox=\"lightbox[rel-494-2010705564]\" href=\"https:\/\/test2024.icom.ee\/wp-content\/uploads\/2022\/04\/FA_2.jpg\" target=\"_self\"><img width=\"375\" height=\"250\" src=\"https:\/\/test2024.icom.ee\/wp-content\/uploads\/2022\/04\/FA_2.jpg\" class=\"vc_single_image-img attachment-full\" alt=\"\" loading=\"lazy\" srcset=\"https:\/\/test2024.icom.ee\/wp-content\/uploads\/2022\/04\/FA_2.jpg 375w, https:\/\/test2024.icom.ee\/wp-content\/uploads\/2022\/04\/FA_2-300x200.jpg 300w\" sizes=\"(max-width: 375px) 100vw, 375px\" \/><\/a>\n\t\t<\/figure>\n\t<\/div>\n\n\t<div class=\"wpb_text_column wpb_content_element\" >\n\t\t<div class=\"wpb_wrapper\">\n\t\t\t<p><span class=\"text-gray\"><strong>Motoriseeritud seinakinnitus<\/strong><br \/>\nPSE90 reguleerib Sinu teleri vaatenurka seinal vastavalt Sinu vajadusele.<\/span><\/p>\n\n\t\t<\/div>\n\t<\/div>\n<\/div><\/div><\/div><div class=\"wpb_column vc_column_container vc_col-sm-4\"><div class=\"vc_column-inner\"><div class=\"wpb_wrapper\">\n\t<div  class=\"wpb_single_image wpb_content_element vc_align_left\">\n\t\t\n\t\t<figure class=\"wpb_wrapper vc_figure\">\n\t\t\t<a class=\"\" data-lightbox=\"lightbox[rel-494-3056451039]\" href=\"https:\/\/test2024.icom.ee\/wp-content\/uploads\/2022\/04\/FA_3.jpg\" target=\"_self\"><img width=\"375\" height=\"250\" src=\"https:\/\/test2024.icom.ee\/wp-content\/uploads\/2022\/04\/FA_3.jpg\" class=\"vc_single_image-img attachment-full\" alt=\"\" loading=\"lazy\" srcset=\"https:\/\/test2024.icom.ee\/wp-content\/uploads\/2022\/04\/FA_3.jpg 375w, https:\/\/test2024.icom.ee\/wp-content\/uploads\/2022\/04\/FA_3-300x200.jpg 300w\" sizes=\"(max-width: 375px) 100vw, 375px\" \/><\/a>\n\t\t<\/figure>\n\t<\/div>\n\n\t<div class=\"wpb_text_column wpb_content_element\" >\n\t\t<div class=\"wpb_wrapper\">\n\t\t\t<p><span class=\"text-gray\"><strong>N\u00e4ide SPSQA kasutamisest<\/strong><br \/>\nKNIGHTSBRIDGE antiikses interj\u00f6\u00f6ris koos l\u00fckandpaneelide mehhanismiga.<\/span><\/p>\n\n\t\t<\/div>\n\t<\/div>\n<\/div><\/div><\/div><\/div><div class=\"vc_row wpb_row vc_row-fluid\"><div class=\"wpb_column vc_column_container vc_col-sm-4\"><div class=\"vc_column-inner\"><div class=\"wpb_wrapper\">\n\t<div  class=\"wpb_single_image wpb_content_element vc_align_left\">\n\t\t\n\t\t<figure class=\"wpb_wrapper vc_figure\">\n\t\t\t<a class=\"\" data-lightbox=\"lightbox[rel-494-3918436582]\" href=\"https:\/\/test2024.icom.ee\/wp-content\/uploads\/2022\/04\/FA_4.jpg\" target=\"_self\"><img width=\"375\" height=\"250\" src=\"https:\/\/test2024.icom.ee\/wp-content\/uploads\/2022\/04\/FA_4.jpg\" class=\"vc_single_image-img attachment-full\" alt=\"\" loading=\"lazy\" srcset=\"https:\/\/test2024.icom.ee\/wp-content\/uploads\/2022\/04\/FA_4.jpg 375w, https:\/\/test2024.icom.ee\/wp-content\/uploads\/2022\/04\/FA_4-300x200.jpg 300w\" sizes=\"(max-width: 375px) 100vw, 375px\" \/><\/a>\n\t\t<\/figure>\n\t<\/div>\n\n\t<div class=\"wpb_text_column wpb_content_element\" >\n\t\t<div class=\"wpb_wrapper\">\n\t\t\t<p><span class=\"text-gray\"><strong>N\u00e4ide PIC Picture t\u00f5stemehhanismi ja V74 Ultra Flush seinakinnituste kasutamisest kohta interj\u00f6\u00f6ris.<\/strong><br \/>\nPIC Picture ja V74 Ultra Flush seinakinnitused interj\u00f6\u00f6ris.<\/span><\/p>\n\n\t\t<\/div>\n\t<\/div>\n<\/div><\/div><\/div><div class=\"wpb_column vc_column_container vc_col-sm-4\"><div class=\"vc_column-inner\"><div class=\"wpb_wrapper\">\n\t<div  class=\"wpb_single_image wpb_content_element vc_align_left\">\n\t\t\n\t\t<figure class=\"wpb_wrapper vc_figure\">\n\t\t\t<a class=\"\" data-lightbox=\"lightbox[rel-494-440053033]\" href=\"https:\/\/test2024.icom.ee\/wp-content\/uploads\/2022\/04\/FA_5.jpg\" target=\"_self\"><img width=\"376\" height=\"250\" src=\"https:\/\/test2024.icom.ee\/wp-content\/uploads\/2022\/04\/FA_5.jpg\" class=\"vc_single_image-img attachment-full\" alt=\"\" loading=\"lazy\" srcset=\"https:\/\/test2024.icom.ee\/wp-content\/uploads\/2022\/04\/FA_5.jpg 376w, https:\/\/test2024.icom.ee\/wp-content\/uploads\/2022\/04\/FA_5-300x199.jpg 300w\" sizes=\"(max-width: 376px) 100vw, 376px\" \/><\/a>\n\t\t<\/figure>\n\t<\/div>\n\n\t<div class=\"wpb_text_column wpb_content_element\" >\n\t\t<div class=\"wpb_wrapper\">\n\t\t\t<p><span class=\"text-gray\"><strong>Life Emotions'i k\u00f5rgeima raskusastme projekt 'Music Home'<\/strong><br \/>\ntunnistati Cedia Awards 2017 v\u00f5itjaks<\/span><\/p>\n\n\t\t<\/div>\n\t<\/div>\n<\/div><\/div><\/div><div class=\"wpb_column vc_column_container vc_col-sm-4\"><div class=\"vc_column-inner\"><div class=\"wpb_wrapper\">\n\t<div  class=\"wpb_single_image wpb_content_element vc_align_left\">\n\t\t\n\t\t<figure class=\"wpb_wrapper vc_figure\">\n\t\t\t<a class=\"\" data-lightbox=\"lightbox[rel-494-1510886927]\" href=\"https:\/\/test2024.icom.ee\/wp-content\/uploads\/2022\/04\/FA_6.jpg\" target=\"_self\"><img width=\"375\" height=\"250\" src=\"https:\/\/test2024.icom.ee\/wp-content\/uploads\/2022\/04\/FA_6.jpg\" class=\"vc_single_image-img attachment-full\" alt=\"\" loading=\"lazy\" srcset=\"https:\/\/test2024.icom.ee\/wp-content\/uploads\/2022\/04\/FA_6.jpg 375w, https:\/\/test2024.icom.ee\/wp-content\/uploads\/2022\/04\/FA_6-300x200.jpg 300w\" sizes=\"(max-width: 375px) 100vw, 375px\" \/><\/a>\n\t\t<\/figure>\n\t<\/div>\n\n\t<div class=\"wpb_text_column wpb_content_element\" >\n\t\t<div class=\"wpb_wrapper\">\n\t\t\t<p><span class=\"text-gray\"><strong>Liigendkinnituse kasutamine<\/strong><br \/>\nPs55, et luua ligip\u00e4\u00e4s 110-tollisele ekraanile<\/span><\/p>\n\n\t\t<\/div>\n\t<\/div>\n<\/div><\/div><\/div><\/div><div class=\"vc_row wpb_row vc_row-fluid\"><div class=\"wpb_column vc_column_container vc_col-sm-12\"><div class=\"vc_column-inner\"><div class=\"wpb_wrapper\">\n\t<div  class=\"wpb_single_image wpb_content_element vc_align_center\">\n\t\t\n\t\t<figure class=\"wpb_wrapper vc_figure\">\n\t\t\t<div class=\"vc_single_image-wrapper   vc_box_border_grey\"><img width=\"300\" height=\"135\" src=\"https:\/\/test2024.icom.ee\/wp-content\/uploads\/2022\/04\/FA_Logo_transp-1-300x135.png\" class=\"vc_single_image-img attachment-medium\" alt=\"\" loading=\"lazy\" srcset=\"https:\/\/test2024.icom.ee\/wp-content\/uploads\/2022\/04\/FA_Logo_transp-1-300x135.png 300w, https:\/\/test2024.icom.ee\/wp-content\/uploads\/2022\/04\/FA_Logo_transp-1-400x179.png 400w, https:\/\/test2024.icom.ee\/wp-content\/uploads\/2022\/04\/FA_Logo_transp-1.png 439w\" sizes=\"(max-width: 300px) 100vw, 300px\" \/><\/div>\n\t\t<\/figure>\n\t<\/div>\n<div class=\"vc_btn3-container  lift-button vc_btn3-center\" ><a class=\"vc_general vc_btn3 vc_btn3-size-md vc_btn3-shape-round vc_btn3-style-modern vc_btn3-color-grey\" href=\"https:\/\/www.futureautomation.co.uk\/CaseStudy\" title=\"\" target=\"_blank\">Tootja veebisait<\/a><\/div><\/div><\/div><\/div><\/div><section data-vc-full-width=\"true\" data-vc-full-width-init=\"false\" class=\"vc_section vc_custom_1649247607848 vc_section-has-fill\"><div class=\"vc_row wpb_row vc_row-fluid vc_custom_1723047791713\"><div class=\"wpb_column vc_column_container vc_col-sm-1\"><div class=\"vc_column-inner\"><div class=\"wpb_wrapper\"><\/div><\/div><\/div><div class=\"wpb_column vc_column_container vc_col-sm-5\"><div class=\"vc_column-inner\"><div class=\"wpb_wrapper\">\n\t<div  class=\"wpb_single_image wpb_content_element vc_align_left  vc_custom_1723048192112  lift-img\">\n\t\t\n\t\t<figure class=\"wpb_wrapper vc_figure\">\n\t\t\t<div class=\"vc_single_image-wrapper   vc_box_border_grey\"><img class=\"vc_single_image-img\" src=\"https:\/\/test2024.icom.ee\/wp-content\/uploads\/2024\/08\/future_img_31-500x271.jpg\" width=\"500\" height=\"271\" alt=\"future_img_3(1)\" title=\"future_img_3(1)\" \/><\/div>\n\t\t<\/figure>\n\t<\/div>\n<\/div><\/div><\/div><div class=\"wpb_column vc_column_container vc_col-sm-6\"><div class=\"vc_column-inner\"><div class=\"wpb_wrapper\">\n\t<div class=\"wpb_text_column wpb_content_element\" >\n\t\t<div class=\"wpb_wrapper\">\n\t\t\t<p>Soovid Future Automation lahenduste paigaldamist ja tuunimist? Telli see meie abiga.<br \/>\nLisateabe v\u00f5i n\u00f5uannete jaoks helista v\u00f5i meili meie tehnilisele meeskonnale v\u00f5i kutsu nad kohale olukorraga tutvuma.<\/p>\n<p><span class=\"text-lift\">Konsulteerimiseks v\u00f5ta meiega kindlasti \u00fchendust<br \/>\nhelista tel: <a href=\"tel: 3725015786\">+372 5 015786\u00a0<\/a><br \/>\nsaada p\u00e4ring aadressil <a href=\"mailto:sales@icom.ee\">sales@icom.ee<\/a><br \/>\nv\u00f5i kasuta meie tagasisidet<br \/>\nTAGASISIDE VORM<br \/>\n<\/span><\/p>\n\n\t\t<\/div>\n\t<\/div>\n<\/div><\/div><\/div><\/div><div class=\"vc_row wpb_row vc_row-fluid\"><div class=\"wpb_column vc_column_container vc_col-sm-12\"><div class=\"vc_column-inner\"><div class=\"wpb_wrapper\"><div role=\"form\" class=\"wpcf7\" id=\"wpcf7-f42-o1\" lang=\"en-US\" dir=\"ltr\">\n<div class=\"screen-reader-response\"><p role=\"status\" aria-live=\"polite\" aria-atomic=\"true\"><\/p> <ul><\/ul><\/div>\n<form action=\"\/et\/wp-json\/wp\/v2\/pages\/494#wpcf7-f42-o1\" method=\"post\" class=\"wpcf7-form init\" novalidate=\"novalidate\" data-status=\"init\" data-trp-original-action=\"\/et\/wp-json\/wp\/v2\/pages\/494#wpcf7-f42-o1\">\n<div style=\"display: none;\">\n<input type=\"hidden\" name=\"_wpcf7\" value=\"42\" \/>\n<input type=\"hidden\" name=\"_wpcf7_version\" value=\"5.4.2\" \/>\n<input type=\"hidden\" name=\"_wpcf7_locale\" value=\"en_US\" \/>\n<input type=\"hidden\" name=\"_wpcf7_unit_tag\" value=\"wpcf7-f42-o1\" \/>\n<input type=\"hidden\" name=\"_wpcf7_container_post\" value=\"0\" \/>\n<input type=\"hidden\" name=\"_wpcf7_posted_data_hash\" value=\"\" \/>\n<\/div>\n<div class=\"row mb20\">\n<div class=\"col-sm-4 col-xs-12\">\n\t\t<label>Nimi <span>*<\/span><\/label><br \/>\n\t\t<span class=\"wpcf7-form-control-wrap your-name\"><input type=\"text\" name=\"your-name\" value=\"\" size=\"40\" class=\"wpcf7-form-control wpcf7-text wpcf7-validates-as-required\" aria-required=\"true\" aria-invalid=\"false\" \/><\/span>\n\t<\/div>\n<div class=\"col-sm-4 col-xs-12\">\n\t\t<label>E-post <span>*<\/span><\/label><br \/>\n\t\t<span class=\"wpcf7-form-control-wrap your-email\"><input type=\"email\" name=\"your-email\" value=\"\" size=\"40\" class=\"wpcf7-form-control wpcf7-text wpcf7-email wpcf7-validates-as-required wpcf7-validates-as-email\" aria-required=\"true\" aria-invalid=\"false\" \/><\/span>\n\t<\/div>\n<div class=\"col-sm-4 col-xs-12\">\n\t\t<label>Teema<\/label><br \/>\n\t\t<span class=\"wpcf7-form-control-wrap your-subject\"><input type=\"text\" name=\"your-subject\" value=\"\" size=\"40\" class=\"wpcf7-form-control wpcf7-text\" aria-invalid=\"false\" \/><\/span>\n\t<\/div>\n<\/div>\n<div class=\"row mb20\">\n<div class=\"col-xs-12\">\n\t\t<label>Vali teenus (valikuline)<\/label><br \/>\n\t\t<span class=\"wpcf7-form-control-wrap menu-601\"><select name=\"menu-601\" class=\"wpcf7-form-control wpcf7-select\" aria-invalid=\"false\"><option value=\"\">---<\/option><option value=\"\u0414\u0438\u0441\u0442\u0440\u0438\u0431\u0443\u0446\u0438\u044f \u043a\u043e\u043c\u043f\u043e\u043d\u0435\u043d\u0442\u043e\u0432 \u0434\u043b\u044f \u0430\u0443\u0434\u0438\u043e\u043f\u0440\u043e\u0438\u0437\u0432\u043e\u0434\u0438\u0442\u0435\u043b\u0435\u0439 \u0438 DIY\">Komponentide m\u00fc\u00fck tootjatele ja DIY-huvilistele<\/option><option value=\"\u0410\u043a\u0443\u0441\u0442\u0438\u0447\u0435\u0441\u043a\u0438\u0435 \u0440\u0435\u0448\u0435\u043d\u0438\u044f\">Akustilised lahendused<\/option><option value=\"\u0410\u0432\u0442\u043e\u043c\u0430\u0442\u0438\u043a\u0430, \u043b\u0438\u0444\u0442\u044b \u0434\u043b\u044f \u043f\u0440\u043e\u0435\u043a\u0442\u043e\u0440\u043e\u0432 \u0438 \u0442\u0435\u043b\u0435\u0432\u0438\u0437\u043e\u0440\u043e\u0432\">Automaatika, projektorite ja telerite t\u00f5stukid<\/option><option value=\"\u042d\u043b\u0435\u043a\u0442\u0440\u043e\u043d\u0438\u043a\u0430 \u0434\u043b\u044f Hi-Fi, High-End \u0438 DIY\">Elektroonika hi-fi, high-end ja DIY jaoks<\/option><option value=\"\u042d\u043a\u0440\u0430\u043d\u044b \u0434\u043b\u044f \u0434\u043e\u043c\u0430\u0448\u043d\u0438\u0445 \u043a\u0438\u043d\u043e\u0437\u0430\u043b\u043e\u0432, \u043a\u043e\u043d\u0444\u0435\u0440\u0435\u043d\u0446-\u0437\u0430\u043b\u043e\u0432 \u0438 \u0430\u0443\u0434\u0438\u0442\u043e\u0440\u0438\u0439\">Ekraanid kodukinodesse, konverentsiruumidesse ja auditooriumidesse<\/option><option value=\"StereoArt\">StereoArt<\/option><option value=\"\u041f\u0440\u043e\u0435\u043a\u0442\u0438\u0440\u043e\u0432\u0430\u043d\u0438\u0435 \u0434\u043e\u043c\u0430\u0448\u043d\u0438\u0445 \u043a\u0438\u043d\u043e\u0442\u0435\u0430\u0442\u0440\u043e\u0432 \u0443\u0440\u043e\u0432\u043d\u044f \u0425\u0430\u0439-\u044d\u043d\u0434\">High-end kodukinode projekteerimine<\/option><\/select><\/span>\n\t<\/div>\n<\/div>\n<div class=\"row mb20\">\n<div class=\"col-xs-12\">\n\t\t<label>S\u00f5num <\/label><br \/>\n\t\t<span class=\"wpcf7-form-control-wrap your-message\"><textarea name=\"your-message\" cols=\"40\" rows=\"10\" class=\"wpcf7-form-control wpcf7-textarea\" aria-invalid=\"false\"><\/textarea><\/span>\n\t<\/div>\n<\/div>\n<div class=\"row mb20\">\n<div class=\"col-xs-12\">\n\t\t<input type=\"submit\" value=\"Saada\" class=\"wpcf7-form-control wpcf7-submit btn\" \/>\n\t<\/div>\n<\/div>\n<div class=\"wpcf7-response-output\" aria-hidden=\"true\"><\/div><input type=\"hidden\" name=\"trp-form-language\" value=\"et\"\/><\/form><\/div><\/div><\/div><\/div><\/div><\/section><div class=\"vc_row-full-width vc_clearfix\"><\/div>","protected":false},"excerpt":{"rendered":"\u041b\u0438\u0444\u0442\u044b, \u0430\u0432\u0442\u043e\u043c\u0430\u0442\u0438\u043a\u0430, \u043f\u0440\u043e\u0435\u043a\u0442\u043e\u0440\u044b \u0410\u0432\u0442\u043e\u043c\u0430\u0442\u0438\u0437\u0438\u0440\u043e\u0432\u0430\u043d\u043d\u044b\u0435 \u0440\u0435\u0448\u0435\u043d\u0438\u044f \u0434\u043b\u044f \u0443\u043c\u043d\u043e\u0433\u043e \u0434\u043e\u043c\u0430, \u043e\u0444\u0438\u0441\u043e\u0432, \u043a\u043e\u043c\u043c\u0435\u0440\u0447\u0435\u0441\u043a\u0438\u0445 \u043f\u043e\u043c\u0435\u0449\u0435\u043d\u0438\u0439 \u0421\u0432\u044f\u0437\u0430\u0442\u044c\u0441\u044f \u0441 \u043d\u0430\u043c\u0438 \u041d\u0430\u0448\u0435 \u043e\u0431\u043e\u0440\u0443\u0434\u043e\u0432\u0430\u043d\u0438\u0435 \u0438\u0441\u043f\u043e\u043b\u044c\u0437\u0443\u0435\u0442\u0441\u044f \u0432 \u0441\u0430\u043c\u044b\u0445 \u0440\u043e\u0441\u043a\u043e\u0448\u043d\u044b\u0445 \u0436\u0438\u043b\u044b\u0445 \u043f\u043e\u043c\u0435\u0449\u0435\u043d\u0438\u044f\u0445 \u043c\u0438\u0440\u0430: \u043e\u0442 \u0441\u043e\u0432\u0440\u0435\u043c\u0435\u043d\u043d\u044b\u0445 \u043f\u0435\u043d\u0442\u0445\u0430\u0443\u0441\u043e\u0432 \u0434\u043e \u0438\u0441\u0442\u043e\u0440\u0438\u0447\u0435\u0441\u043a\u0438\u0445 \u043e\u0441\u043e\u0431\u043d\u044f\u043a\u043e\u0432. \u041d\u0430\u0448\u0438 \u043c\u0435\u0445\u0430\u043d\u0438\u0437\u043c\u044b \u043f\u043e\u043c\u043e\u0433\u0443\u0442 \u0441\u043e\u0445\u0440\u0430\u043d\u0438\u0442\u044c \u0446\u0435\u043b\u043e\u0441\u0442\u043d\u043e\u0441\u0442\u044c \u0441\u0442\u0438\u043b\u044f \u0412\u0430\u0448\u0435\u0433\u043e \u0434\u043e\u043c\u0430 \u0431\u0435\u0437 \u0443\u0449\u0435\u0440\u0431\u0430 \u0444\u0443\u043d\u043a\u0446\u0438\u043e\u043d\u0430\u043b\u044c\u043d\u043e\u0441\u0442\u0438. \u041c\u044b \u043f\u0440\u0435\u0434\u043b\u0430\u0433\u0430\u0435\u043c \u043f\u043e\u0434\u044a\u0435\u043c\u043d\u044b\u0435 \u043c\u0435\u0445\u0430\u043d\u0438\u0437\u043c\u044b \u0438 \u043c\u043e\u0442\u043e\u0440\u0438\u0437\u043e\u0432\u0430\u043d\u043d\u044b\u0435 \u043a\u0440\u0435\u043f\u043b\u0435\u043d\u0438\u044f \u0434\u043b\u044f \u0442\u0435\u043b\u0435\u0432\u0438\u0437\u043e\u0440\u043e\u0432 \u0438 \u043f\u0440\u043e\u0435\u043a\u0442\u043e\u0440\u043e\u0432, \u043c\u0435\u0445\u0430\u043d\u0438\u0437\u043c\u044b \u0434\u043b\u044f \u043f\u0435\u0440\u0435\u043c\u0435\u0449\u0435\u043d\u0438\u044f \u043a\u0430\u0440\u0442\u0438\u043d ...","protected":false},"author":2,"featured_media":0,"parent":0,"menu_order":0,"comment_status":"closed","ping_status":"closed","template":"fullwidthpage-template.php","meta":[],"_links":{"self":[{"href":"https:\/\/test2024.icom.ee\/et\/wp-json\/wp\/v2\/pages\/494"}],"collection":[{"href":"https:\/\/test2024.icom.ee\/et\/wp-json\/wp\/v2\/pages"}],"about":[{"href":"https:\/\/test2024.icom.ee\/et\/wp-json\/wp\/v2\/types\/page"}],"author":[{"embeddable":true,"href":"https:\/\/test2024.icom.ee\/et\/wp-json\/wp\/v2\/users\/2"}],"replies":[{"embeddable":true,"href":"https:\/\/test2024.icom.ee\/et\/wp-json\/wp\/v2\/comments?post=494"}],"version-history":[{"count":93,"href":"https:\/\/test2024.icom.ee\/et\/wp-json\/wp\/v2\/pages\/494\/revisions"}],"predecessor-version":[{"id":2384,"href":"https:\/\/test2024.icom.ee\/et\/wp-json\/wp\/v2\/pages\/494\/revisions\/2384"}],"wp:attachment":[{"href":"https:\/\/test2024.icom.ee\/et\/wp-json\/wp\/v2\/media?parent=494"}],"curies":[{"name":"wp","href":"https:\/\/api.w.org\/{rel}","templated":true}]}}